{"id":2987,"date":"2023-04-28T11:31:38","date_gmt":"2023-04-28T09:31:38","guid":{"rendered":"https:\/\/www.brasserielefebvre.be\/a-propos\/"},"modified":"2025-04-01T09:19:37","modified_gmt":"2025-04-01T07:19:37","slug":"de-brouwerij","status":"publish","type":"page","link":"https:\/\/www.brasserielefebvre.be\/nl\/de-brouwerij\/","title":{"rendered":"De brouwerij"},"content":{"rendered":"<p>[et_pb_section fb_built=&#8221;1&#8243; admin_label=&#8221;Page Header&#8221; _builder_version=&#8221;4.21.0&#8243; _module_preset=&#8221;0c040df8-8c7e-47c3-84ff-20476c635675&#8243; global_colors_info=&#8221;{}&#8221; theme_builder_area=&#8221;post_content&#8221;][et_pb_row _builder_version=&#8221;4.21.0&#8243; _module_preset=&#8221;3c30948d-d53e-453c-a706-a140f54fd60d&#8221; global_colors_info=&#8221;{}&#8221; theme_builder_area=&#8221;post_content&#8221;][et_pb_column type=&#8221;4_4&#8243; _builder_version=&#8221;4.21.0&#8243; _module_preset=&#8221;default&#8221; global_colors_info=&#8221;{}&#8221; theme_builder_area=&#8221;post_content&#8221;][et_pb_text _builder_version=&#8221;4.22.1&#8243; _module_preset=&#8221;8eb72ec8-66be-4ddc-8939-d40e50875e36&#8243; global_colors_info=&#8221;{}&#8221; theme_builder_area=&#8221;post_content&#8221;]<\/p>\n<p>De brouwerij<\/p>\n<p>[\/et_pb_text][et_pb_text _builder_version=&#8221;4.22.1&#8243; _module_preset=&#8221;f6cf10e3-c6d0-46ab-99e4-de2656247c7a&#8221; global_colors_info=&#8221;{}&#8221; theme_builder_area=&#8221;post_content&#8221;]<\/p>\n<h1>Meer dan een team, een familie.\u00a0<\/h1>\n<p>[\/et_pb_text][\/et_pb_column][\/et_pb_row][\/et_pb_section][et_pb_section fb_built=&#8221;1&#8243; admin_label=&#8221;Histoire&#8221; _builder_version=&#8221;4.21.0&#8243; _module_preset=&#8221;default&#8221; global_colors_info=&#8221;{}&#8221; theme_builder_area=&#8221;post_content&#8221;][et_pb_row column_structure=&#8221;1_2,1_2&#8243; make_equal=&#8221;on&#8221; _builder_version=&#8221;4.21.0&#8243; _module_preset=&#8221;default&#8221; custom_css_main_element=&#8221;align-items:center;&#8221; global_colors_info=&#8221;{}&#8221; theme_builder_area=&#8221;post_content&#8221;][et_pb_column type=&#8221;1_2&#8243; _builder_version=&#8221;4.21.0&#8243; _module_preset=&#8221;default&#8221; global_colors_info=&#8221;{}&#8221; theme_builder_area=&#8221;post_content&#8221;][et_pb_image src=&#8221;https:\/\/www.brasserielefebvre.be\/wp-content\/uploads\/2023\/06\/jules_auguste_1-3-1-scaled.jpg&#8221; alt=&#8221;Jules et Auguste posent assis sur une charrette transportant des f\u00fbts de bi\u00e8res en bois et tir\u00e9e par 2 chevaux.&#8221; title_text=&#8221;Jules &#038; Auguste Lefebvre&#8221; _builder_version=&#8221;4.22.1&#8243; _module_preset=&#8221;1ca9b921-c881-4749-a214-09623cfa4f9e&#8221; global_colors_info=&#8221;{}&#8221; theme_builder_area=&#8221;post_content&#8221;][\/et_pb_image][\/et_pb_column][et_pb_column type=&#8221;1_2&#8243; _builder_version=&#8221;4.21.0&#8243; _module_preset=&#8221;default&#8221; custom_padding=&#8221;|3%||3%|false|true&#8221; animation_style=&#8221;slide&#8221; animation_direction=&#8221;right&#8221; animation_delay=&#8221;200ms&#8221; animation_intensity_slide=&#8221;15%&#8221; global_colors_info=&#8221;{}&#8221; theme_builder_area=&#8221;post_content&#8221;][et_pb_text _builder_version=&#8221;4.22.1&#8243; _module_preset=&#8221;default&#8221; global_colors_info=&#8221;{}&#8221; theme_builder_area=&#8221;post_content&#8221;]<\/p>\n<h2>Verhaal en<br \/>knowhow<\/h2>\n<p>Brouwerij Lefebvre blijft een familiebedrijf dat al zes generaties lang.<\/p>\n<p><span style=\"font-weight: 400;\"><\/span><\/p>\n<p>[\/et_pb_text][et_pb_button button_url=&#8221;@ET-DC@eyJkeW5hbWljIjp0cnVlLCJjb250ZW50IjoicG9zdF9saW5rX3VybF9wYWdlIiwic2V0dGluZ3MiOnsicG9zdF9pZCI6IjEzOTEifX0=@&#8221; button_text=&#8221;Ontdek onze verhaal&#8221; _builder_version=&#8221;4.22.1&#8243; _dynamic_attributes=&#8221;button_url&#8221; _module_preset=&#8221;default&#8221; global_colors_info=&#8221;{}&#8221; theme_builder_area=&#8221;post_content&#8221;][\/et_pb_button][\/et_pb_column][\/et_pb_row][\/et_pb_section][et_pb_section fb_built=&#8221;1&#8243; admin_label=&#8221;Equipe&#8221; _builder_version=&#8221;4.22.1&#8243; _module_preset=&#8221;default&#8221; background_color=&#8221;gcid-702b7ce2-a1dc-4e59-8ad4-bd4fd7f6853e&#8221; global_colors_info=&#8221;{%22gcid-702b7ce2-a1dc-4e59-8ad4-bd4fd7f6853e%22:%91%22background_color%22%93}&#8221; theme_builder_area=&#8221;post_content&#8221;][et_pb_row column_structure=&#8221;1_2,1_2&#8243; make_equal=&#8221;on&#8221; _builder_version=&#8221;4.21.0&#8243; _module_preset=&#8221;default&#8221; custom_css_main_element=&#8221;align-items:center;&#8221; global_colors_info=&#8221;{}&#8221; theme_builder_area=&#8221;post_content&#8221;][et_pb_column type=&#8221;1_2&#8243; _builder_version=&#8221;4.21.0&#8243; _module_preset=&#8221;default&#8221; custom_padding=&#8221;|3%||3%|false|true&#8221; animation_style=&#8221;slide&#8221; animation_direction=&#8221;left&#8221; animation_delay=&#8221;200ms&#8221; animation_intensity_slide=&#8221;15%&#8221; global_colors_info=&#8221;{}&#8221; theme_builder_area=&#8221;post_content&#8221;][et_pb_text _builder_version=&#8221;4.21.0&#8243; _module_preset=&#8221;default&#8221; global_colors_info=&#8221;{}&#8221; theme_builder_area=&#8221;post_content&#8221;]<\/p>\n<h2>Team<\/h2>\n<p>Ons dynamisch, innovatief team van een vijftigtal mensen heeft maar \u00e9\u00e9n doel: je kwaliteitsbieren aanbieden die de expertise van generaties brouwers weerspiegelen.<\/p>\n<p>[\/et_pb_text][et_pb_button button_url=&#8221;@ET-DC@eyJkeW5hbWljIjp0cnVlLCJjb250ZW50IjoicG9zdF9saW5rX3VybF9wYWdlIiwic2V0dGluZ3MiOnsicG9zdF9pZCI6IjEwMTkifX0=@&#8221; button_text=&#8221;Ontdek ons team&#8221; _builder_version=&#8221;4.22.1&#8243; _dynamic_attributes=&#8221;button_url&#8221; _module_preset=&#8221;default&#8221; global_colors_info=&#8221;{}&#8221; theme_builder_area=&#8221;post_content&#8221;][\/et_pb_button][\/et_pb_column][et_pb_column type=&#8221;1_2&#8243; _builder_version=&#8221;4.21.0&#8243; _module_preset=&#8221;default&#8221; global_colors_info=&#8221;{}&#8221; theme_builder_area=&#8221;post_content&#8221;][et_pb_image src=&#8221;https:\/\/www.brasserielefebvre.be\/wp-content\/uploads\/2023\/09\/DSC09803.jpg&#8221; alt=&#8221;Direction Brasserie Lefebvre&#8221; title_text=&#8221;Direction Brasserie Lefebvre&#8221; _builder_version=&#8221;4.22.1&#8243; _module_preset=&#8221;1ca9b921-c881-4749-a214-09623cfa4f9e&#8221; global_colors_info=&#8221;{}&#8221; theme_builder_area=&#8221;post_content&#8221;][\/et_pb_image][\/et_pb_column][\/et_pb_row][\/et_pb_section][et_pb_section fb_built=&#8221;1&#8243; admin_label=&#8221;RSE&#8221; _builder_version=&#8221;4.21.0&#8243; _module_preset=&#8221;default&#8221; global_colors_info=&#8221;{}&#8221; theme_builder_area=&#8221;post_content&#8221;][et_pb_row column_structure=&#8221;1_2,1_2&#8243; make_equal=&#8221;on&#8221; _builder_version=&#8221;4.21.0&#8243; _module_preset=&#8221;default&#8221; custom_css_main_element=&#8221;align-items:center;&#8221; global_colors_info=&#8221;{}&#8221; theme_builder_area=&#8221;post_content&#8221;][et_pb_column type=&#8221;1_2&#8243; _builder_version=&#8221;4.21.0&#8243; _module_preset=&#8221;default&#8221; global_colors_info=&#8221;{}&#8221; theme_builder_area=&#8221;post_content&#8221;][et_pb_image src=&#8221;https:\/\/www.brasserielefebvre.be\/wp-content\/uploads\/2023\/07\/DSCF6975-scaled.jpg&#8221; alt=&#8221;Panneaux photovolta\u00efques situ\u00e9s sur les toits de la Brasserie Lefebvre&#8221; title_text=&#8221;Panneaux photvoltaiques&#8221; _builder_version=&#8221;4.22.1&#8243; _module_preset=&#8221;1ca9b921-c881-4749-a214-09623cfa4f9e&#8221; global_colors_info=&#8221;{}&#8221; theme_builder_area=&#8221;post_content&#8221;][\/et_pb_image][\/et_pb_column][et_pb_column type=&#8221;1_2&#8243; _builder_version=&#8221;4.21.0&#8243; _module_preset=&#8221;default&#8221; custom_padding=&#8221;|3%||3%|false|true&#8221; animation_style=&#8221;slide&#8221; animation_direction=&#8221;right&#8221; animation_delay=&#8221;200ms&#8221; animation_intensity_slide=&#8221;15%&#8221; global_colors_info=&#8221;{}&#8221; theme_builder_area=&#8221;post_content&#8221;][et_pb_text _builder_version=&#8221;4.22.1&#8243; _module_preset=&#8221;default&#8221; global_colors_info=&#8221;{}&#8221; theme_builder_area=&#8221;post_content&#8221;]<\/p>\n<h2>Onze verbintenissen<\/h2>\n<p><strong>\u201dOns engagement is niet nieuw. Al jarenlang streven we er iedere dag opnieuw naar om kwaliteitsbieren te leveren, rekening houdend met onze maatschappelijke en ecologische impact op lange termijn.\u201d<\/strong><\/p>\n<p>C\u00e9line Lefebvre<\/p>\n<p>[\/et_pb_text][et_pb_button button_url=&#8221;@ET-DC@eyJkeW5hbWljIjp0cnVlLCJjb250ZW50IjoicG9zdF9saW5rX3VybF9wYWdlIiwic2V0dGluZ3MiOnsicG9zdF9pZCI6IjIzMCJ9fQ==@&#8221; button_text=&#8221;Ontdek onze acties&#8221; _builder_version=&#8221;4.22.1&#8243; _dynamic_attributes=&#8221;button_url&#8221; _module_preset=&#8221;default&#8221; global_colors_info=&#8221;{}&#8221; theme_builder_area=&#8221;post_content&#8221;][\/et_pb_button][\/et_pb_column][\/et_pb_row][\/et_pb_section][et_pb_section fb_built=&#8221;1&#8243; admin_label=&#8221;Event&#8221; module_id=&#8221;shop-and-events&#8221; _builder_version=&#8221;4.22.1&#8243; _module_preset=&#8221;default&#8221; background_color=&#8221;gcid-702b7ce2-a1dc-4e59-8ad4-bd4fd7f6853e&#8221; global_colors_info=&#8221;{%22gcid-702b7ce2-a1dc-4e59-8ad4-bd4fd7f6853e%22:%91%22background_color%22%93}&#8221; theme_builder_area=&#8221;post_content&#8221;][et_pb_row column_structure=&#8221;1_2,1_2&#8243; make_equal=&#8221;on&#8221; _builder_version=&#8221;4.21.0&#8243; _module_preset=&#8221;default&#8221; custom_css_main_element=&#8221;align-items:center;&#8221; global_colors_info=&#8221;{}&#8221; theme_builder_area=&#8221;post_content&#8221;][et_pb_column type=&#8221;1_2&#8243; _builder_version=&#8221;4.21.0&#8243; _module_preset=&#8221;default&#8221; custom_padding=&#8221;|3%||3%|false|true&#8221; animation_style=&#8221;slide&#8221; animation_direction=&#8221;left&#8221; animation_delay=&#8221;200ms&#8221; animation_intensity_slide=&#8221;15%&#8221; global_colors_info=&#8221;{}&#8221; theme_builder_area=&#8221;post_content&#8221;][et_pb_text _builder_version=&#8221;4.22.1&#8243; _module_preset=&#8221;default&#8221; global_colors_info=&#8221;{}&#8221; theme_builder_area=&#8221;post_content&#8221;]<\/p>\n<h2>Shop en events<\/h2>\n<p>Wil je onze bieren ontdekken of ze schenken op je evenementen? Onze brouwerij heeft een winkel en een evenementenafdeling.<\/p>\n<p>[\/et_pb_text][et_pb_button button_url=&#8221;@ET-DC@eyJkeW5hbWljIjp0cnVlLCJjb250ZW50IjoicG9zdF9saW5rX3VybF9wYWdlIiwic2V0dGluZ3MiOnsicG9zdF9pZCI6IjI3NCJ9fQ==@&#8221; button_text=&#8221;Contact opnemen&#8221; _builder_version=&#8221;4.27.4&#8243; _dynamic_attributes=&#8221;button_url&#8221; _module_preset=&#8221;default&#8221; hover_enabled=&#8221;0&#8243; global_colors_info=&#8221;{}&#8221; theme_builder_area=&#8221;post_content&#8221; custom_css_free_form=&#8221;@media (min-width:480px) {||  .shop-contact-btn {||    float:left;||    margin-right:1.5rem;||    margin-bottom:1.25rem;||    width:auto;||  }||}&#8221; module_class=&#8221;shop-contact-btn&#8221; sticky_enabled=&#8221;0&#8243; custom_margin=&#8221;||1.25rem||false|false&#8221; custom_margin_last_edited=&#8221;off|desktop&#8221;][\/et_pb_button][et_pb_button button_url=&#8221;@ET-DC@eyJkeW5hbWljIjp0cnVlLCJjb250ZW50IjoicG9zdF9saW5rX3VybF9hdHRhY2htZW50Iiwic2V0dGluZ3MiOnsicG9zdF9pZCI6Ijc3NzIifX0=@&#8221; button_text=&#8221;Bekijk de catalogus&#8221; _builder_version=&#8221;4.27.4&#8243; _dynamic_attributes=&#8221;button_url&#8221; _module_preset=&#8221;b46145e4-50e6-43a6-b93b-8edf68b34519&#8243; hover_enabled=&#8221;0&#8243; global_colors_info=&#8221;{}&#8221; theme_builder_area=&#8221;post_content&#8221; module_class=&#8221;shop-catalog-btn&#8221; sticky_enabled=&#8221;0&#8243; custom_css_free_form=&#8221;@media (min-width:480px) {||  .shop-catalog-btn {||    float:left;||    width:auto;||  }||}&#8221; url_new_window=&#8221;on&#8221;][\/et_pb_button][\/et_pb_column][et_pb_column type=&#8221;1_2&#8243; _builder_version=&#8221;4.21.0&#8243; _module_preset=&#8221;default&#8221; global_colors_info=&#8221;{}&#8221; theme_builder_area=&#8221;post_content&#8221;][et_pb_image src=&#8221;https:\/\/www.brasserielefebvre.be\/wp-content\/uploads\/2025\/03\/DSC00659-scaled.jpg&#8221; alt=&#8221;Event&#8221; title_text=&#8221;Event&#8221; _builder_version=&#8221;4.27.4&#8243; _module_preset=&#8221;1ca9b921-c881-4749-a214-09623cfa4f9e&#8221; global_colors_info=&#8221;{}&#8221; theme_builder_area=&#8221;post_content&#8221;][\/et_pb_image][\/et_pb_column][\/et_pb_row][\/et_pb_section]<\/p>\n","protected":false},"excerpt":{"rendered":"<p>De brouwerijMeer dan een team, een familie.\u00a0Verhaal enknowhow Brouwerij Lefebvre blijft een familiebedrijf dat al zes generaties lang. Team Ons dynamisch, innovatief team van een vijftigtal mensen heeft maar \u00e9\u00e9n doel: je kwaliteitsbieren aanbieden die de expertise van generaties brouwers weerspiegelen.Onze verbintenissen \u201dOns engagement is niet nieuw. Al jarenlang streven we er iedere dag opnieuw [&hellip;]<\/p>\n","protected":false},"author":1,"featured_media":0,"parent":0,"menu_order":0,"comment_status":"closed","ping_status":"closed","template":"","meta":{"_acf_changed":false,"_et_pb_use_builder":"on","_et_pb_old_content":"<!-- wp:divi\/placeholder \/-->","_et_gb_content_width":"","footnotes":""},"class_list":["post-2987","page","type-page","status-publish","hentry"],"acf":[],"yoast_head":"<!-- This site is optimized with the Yoast SEO plugin v27.4 - https:\/\/yoast.com\/product\/yoast-seo-wordpress\/ -->\n<title>De brouwerij - Brasserie Lefebvre<\/title>\n<meta name=\"description\" content=\"Al zes generaties lang is Brouwerij Lefebvre een familiebedrijf.\" \/>\n<meta name=\"robots\" content=\"index, follow, max-snippet:-1, max-image-preview:large, max-video-preview:-1\" \/>\n<link rel=\"canonical\" href=\"https:\/\/www.brasserielefebvre.be\/nl\/de-brouwerij\/\" \/>\n<meta property=\"og:locale\" content=\"nl_NL\" \/>\n<meta property=\"og:type\" content=\"article\" \/>\n<meta property=\"og:title\" content=\"De brouwerij - Brasserie Lefebvre\" \/>\n<meta property=\"og:description\" content=\"Al zes generaties lang is Brouwerij Lefebvre een familiebedrijf.\" \/>\n<meta property=\"og:site_name\" content=\"Brasserie Lefebvre\" \/>\n<meta property=\"article:publisher\" content=\"https:\/\/www.facebook.com\/brasserielefebvre\" \/>\n<meta property=\"article:modified_time\" content=\"2025-04-01T07:19:37+00:00\" \/>\n<meta name=\"twitter:label1\" content=\"Geschatte leestijd\" \/>\n\t<meta name=\"twitter:data1\" content=\"2 minuten\" \/>\n<script type=\"application\/ld+json\" class=\"yoast-schema-graph\">{\"@context\":\"https:\\\/\\\/schema.org\",\"@graph\":[{\"@type\":\"WebPage\",\"@id\":\"https:\\\/\\\/www.brasserielefebvre.be\\\/nl\\\/de-brouwerij\\\/\",\"url\":\"https:\\\/\\\/www.brasserielefebvre.be\\\/nl\\\/de-brouwerij\\\/\",\"name\":\"De brouwerij - Brasserie Lefebvre\",\"isPartOf\":{\"@id\":\"https:\\\/\\\/www.brasserielefebvre.be\\\/#website\"},\"datePublished\":\"2023-04-28T09:31:38+00:00\",\"dateModified\":\"2025-04-01T07:19:37+00:00\",\"description\":\"Al zes generaties lang is Brouwerij Lefebvre een familiebedrijf.\",\"breadcrumb\":{\"@id\":\"https:\\\/\\\/www.brasserielefebvre.be\\\/nl\\\/de-brouwerij\\\/#breadcrumb\"},\"inLanguage\":\"nl-NL\",\"potentialAction\":[{\"@type\":\"ReadAction\",\"target\":[\"https:\\\/\\\/www.brasserielefebvre.be\\\/nl\\\/de-brouwerij\\\/\"]}]},{\"@type\":\"BreadcrumbList\",\"@id\":\"https:\\\/\\\/www.brasserielefebvre.be\\\/nl\\\/de-brouwerij\\\/#breadcrumb\",\"itemListElement\":[{\"@type\":\"ListItem\",\"position\":1,\"name\":\"Accueil\",\"item\":\"https:\\\/\\\/www.brasserielefebvre.be\\\/\"},{\"@type\":\"ListItem\",\"position\":2,\"name\":\"De brouwerij\"}]},{\"@type\":\"WebSite\",\"@id\":\"https:\\\/\\\/www.brasserielefebvre.be\\\/#website\",\"url\":\"https:\\\/\\\/www.brasserielefebvre.be\\\/\",\"name\":\"Brasserie Lefebvre\",\"description\":\"Depuis 1876\",\"publisher\":{\"@id\":\"https:\\\/\\\/www.brasserielefebvre.be\\\/#organization\"},\"potentialAction\":[{\"@type\":\"SearchAction\",\"target\":{\"@type\":\"EntryPoint\",\"urlTemplate\":\"https:\\\/\\\/www.brasserielefebvre.be\\\/?s={search_term_string}\"},\"query-input\":{\"@type\":\"PropertyValueSpecification\",\"valueRequired\":true,\"valueName\":\"search_term_string\"}}],\"inLanguage\":\"nl-NL\"},{\"@type\":\"Organization\",\"@id\":\"https:\\\/\\\/www.brasserielefebvre.be\\\/#organization\",\"name\":\"Brasserie Lefebvre\",\"url\":\"https:\\\/\\\/www.brasserielefebvre.be\\\/\",\"logo\":{\"@type\":\"ImageObject\",\"inLanguage\":\"nl-NL\",\"@id\":\"https:\\\/\\\/www.brasserielefebvre.be\\\/#\\\/schema\\\/logo\\\/image\\\/\",\"url\":\"https:\\\/\\\/www.brasserielefebvre.be\\\/wp-content\\\/uploads\\\/2023\\\/04\\\/lefebvre-logo-red-whitebg.png\",\"contentUrl\":\"https:\\\/\\\/www.brasserielefebvre.be\\\/wp-content\\\/uploads\\\/2023\\\/04\\\/lefebvre-logo-red-whitebg.png\",\"width\":512,\"height\":512,\"caption\":\"Brasserie Lefebvre\"},\"image\":{\"@id\":\"https:\\\/\\\/www.brasserielefebvre.be\\\/#\\\/schema\\\/logo\\\/image\\\/\"},\"sameAs\":[\"https:\\\/\\\/www.facebook.com\\\/brasserielefebvre\",\"https:\\\/\\\/x.com\\\/hopus_beer\",\"https:\\\/\\\/instagram.com\\\/brasserie_lefebvre\",\"https:\\\/\\\/www.youtube.com\\\/@brasserielefebvre1090\"]}]}<\/script>\n<!-- \/ Yoast SEO plugin. -->","yoast_head_json":{"title":"De brouwerij - Brasserie Lefebvre","description":"Al zes generaties lang is Brouwerij Lefebvre een familiebedrijf.","robots":{"index":"index","follow":"follow","max-snippet":"max-snippet:-1","max-image-preview":"max-image-preview:large","max-video-preview":"max-video-preview:-1"},"canonical":"https:\/\/www.brasserielefebvre.be\/nl\/de-brouwerij\/","og_locale":"nl_NL","og_type":"article","og_title":"De brouwerij - Brasserie Lefebvre","og_description":"Al zes generaties lang is Brouwerij Lefebvre een familiebedrijf.","og_site_name":"Brasserie Lefebvre","article_publisher":"https:\/\/www.facebook.com\/brasserielefebvre","article_modified_time":"2025-04-01T07:19:37+00:00","twitter_misc":{"Geschatte leestijd":"2 minuten"},"schema":{"@context":"https:\/\/schema.org","@graph":[{"@type":"WebPage","@id":"https:\/\/www.brasserielefebvre.be\/nl\/de-brouwerij\/","url":"https:\/\/www.brasserielefebvre.be\/nl\/de-brouwerij\/","name":"De brouwerij - Brasserie Lefebvre","isPartOf":{"@id":"https:\/\/www.brasserielefebvre.be\/#website"},"datePublished":"2023-04-28T09:31:38+00:00","dateModified":"2025-04-01T07:19:37+00:00","description":"Al zes generaties lang is Brouwerij Lefebvre een familiebedrijf.","breadcrumb":{"@id":"https:\/\/www.brasserielefebvre.be\/nl\/de-brouwerij\/#breadcrumb"},"inLanguage":"nl-NL","potentialAction":[{"@type":"ReadAction","target":["https:\/\/www.brasserielefebvre.be\/nl\/de-brouwerij\/"]}]},{"@type":"BreadcrumbList","@id":"https:\/\/www.brasserielefebvre.be\/nl\/de-brouwerij\/#breadcrumb","itemListElement":[{"@type":"ListItem","position":1,"name":"Accueil","item":"https:\/\/www.brasserielefebvre.be\/"},{"@type":"ListItem","position":2,"name":"De brouwerij"}]},{"@type":"WebSite","@id":"https:\/\/www.brasserielefebvre.be\/#website","url":"https:\/\/www.brasserielefebvre.be\/","name":"Brasserie Lefebvre","description":"Depuis 1876","publisher":{"@id":"https:\/\/www.brasserielefebvre.be\/#organization"},"potentialAction":[{"@type":"SearchAction","target":{"@type":"EntryPoint","urlTemplate":"https:\/\/www.brasserielefebvre.be\/?s={search_term_string}"},"query-input":{"@type":"PropertyValueSpecification","valueRequired":true,"valueName":"search_term_string"}}],"inLanguage":"nl-NL"},{"@type":"Organization","@id":"https:\/\/www.brasserielefebvre.be\/#organization","name":"Brasserie Lefebvre","url":"https:\/\/www.brasserielefebvre.be\/","logo":{"@type":"ImageObject","inLanguage":"nl-NL","@id":"https:\/\/www.brasserielefebvre.be\/#\/schema\/logo\/image\/","url":"https:\/\/www.brasserielefebvre.be\/wp-content\/uploads\/2023\/04\/lefebvre-logo-red-whitebg.png","contentUrl":"https:\/\/www.brasserielefebvre.be\/wp-content\/uploads\/2023\/04\/lefebvre-logo-red-whitebg.png","width":512,"height":512,"caption":"Brasserie Lefebvre"},"image":{"@id":"https:\/\/www.brasserielefebvre.be\/#\/schema\/logo\/image\/"},"sameAs":["https:\/\/www.facebook.com\/brasserielefebvre","https:\/\/x.com\/hopus_beer","https:\/\/instagram.com\/brasserie_lefebvre","https:\/\/www.youtube.com\/@brasserielefebvre1090"]}]}},"_links":{"self":[{"href":"https:\/\/www.brasserielefebvre.be\/nl\/wp-json\/wp\/v2\/pages\/2987","targetHints":{"allow":["GET"]}}],"collection":[{"href":"https:\/\/www.brasserielefebvre.be\/nl\/wp-json\/wp\/v2\/pages"}],"about":[{"href":"https:\/\/www.brasserielefebvre.be\/nl\/wp-json\/wp\/v2\/types\/page"}],"author":[{"embeddable":true,"href":"https:\/\/www.brasserielefebvre.be\/nl\/wp-json\/wp\/v2\/users\/1"}],"replies":[{"embeddable":true,"href":"https:\/\/www.brasserielefebvre.be\/nl\/wp-json\/wp\/v2\/comments?post=2987"}],"version-history":[{"count":0,"href":"https:\/\/www.brasserielefebvre.be\/nl\/wp-json\/wp\/v2\/pages\/2987\/revisions"}],"wp:attachment":[{"href":"https:\/\/www.brasserielefebvre.be\/nl\/wp-json\/wp\/v2\/media?parent=2987"}],"curies":[{"name":"wp","href":"https:\/\/api.w.org\/{rel}","templated":true}]}}